{"id":14468,"date":"2014-03-28T10:11:36","date_gmt":"2014-03-28T10:11:36","guid":{"rendered":"http:\/\/demo.qodeinteractive.com\/bridge\/?page_id=14468"},"modified":"2015-10-22T11:57:47","modified_gmt":"2015-10-22T11:57:47","slug":"home","status":"publish","type":"page","link":"https:\/\/tipexpo.hu\/en\/","title":{"rendered":"Home"},"content":{"rendered":"<div    class=\"vc_row wpb_row section vc_row-fluid\" style='background-color:#ffffff; text-align:left;'><div class=\" full_section_inner clearfix\">\n\t<div class=\"vc_col-sm-12 wpb_column vc_column_container vc_custom_1421258302078\">\n\t\t<div class=\"wpb_wrapper\">\n\t\t\t<div class=\"vc_empty_space\"  style=\"height: 60px\" ><span class=\"vc_empty_space_inner\"><\/span><\/div>\n\n\n\t\t<\/div> \n\t<\/div> \n<\/div><\/div><div    class=\"vc_row wpb_row section vc_row-fluid\" style='background-color:#ffffff; text-align:left;'><div class=\" full_section_inner clearfix\">\n\t<div class=\"vc_col-sm-2 wpb_column vc_column_container\">\n\t\t<div class=\"wpb_wrapper\">\n\t\t\t\n\t\t<\/div> \n\t<\/div> \n\n\t<div class=\"vc_col-sm-2 wpb_column vc_column_container\">\n\t\t<div class=\"wpb_wrapper\">\n\t\t\t<div class=\"q_box_holder with_icon\" style=\"\"><div class=\"box_holder_icon\"><div class=\"box_holder_icon_inner tiny  \" style=\"\"><span style=\"\" class=\"q_font_awsome_icon &#8221;fa-3x&#8221; \"><i class=\"fa &#8221;fa-globe&#8221;\" style=\"\"><\/i><\/span><\/div><\/div><div class=\"box_holder_inner tiny center\"><h5 class=\"icon_title\" style=\"\"><\/h5><span class=\"separator transparent\" style=\"margin: 8px 0;\"><\/span><p style=\"\">&#8221;[:hu<\/p><\/div><\/div>Mi hisz\u00fcnk az egyedis\u00e9g erej\u00e9ben&#8230;We believe in the power of individualism&#8230;&#8221; link=&#8221;index.php?p=13396&#8243; title=&#8221;About us&#8221; icon_margin=&#8221;0 0 28px 0&#8243; custom_icon_size=&#8221;45&#8243; icon_animation=&#8221;q_icon_animation&#8221; link_icon=&#8221;yes&#8221;]\n\t\t<\/div> \n\t<\/div> \n\n\t<div class=\"vc_col-sm-2 wpb_column vc_column_container\">\n\t\t<div class=\"wpb_wrapper\">\n\t\t\t<div class=\"q_box_holder with_icon\" style=\"\"><div class=\"box_holder_icon\"><div class=\"box_holder_icon_inner tiny  \" style=\"\"><span style=\"\" class=\"q_font_awsome_icon &#8221;fa-3x&#8221; \"><i class=\"fa &#8221;fa-cogs&#8221;\" style=\"\"><\/i><\/span><\/div><\/div><div class=\"box_holder_inner tiny center\"><h5 class=\"icon_title\" style=\"\">&#8221;[:hu<\/h5><span class=\"separator transparent\" style=\"margin: 8px 0;\"><\/span><p style=\"\"><\/p><\/div><\/div>SZOLG\u00c1LTAT\u00c1SAINKOur services&#8221; text=&#8221;Organizing, designing, implementing and operating trade show and exhibitions from A to Z\u201d&#8230;&#8221; icon_animation=&#8221;q_icon_animation&#8221; icon_animation_delay=&#8221;200&#8243; use_custom_icon_size=&#8221;yes&#8221; custom_icon_size=&#8221;45&#8243; icon_color=&#8221;#e2e2e2&#8243; icon_margin=&#8221;0 0 28px 0&#8243; link=&#8221;index.php?p=14495&#8243; target=&#8221;_self&#8221; link_icon=&#8221;yes&#8221;]\n\t\t<\/div> \n\t<\/div> \n\n\t<div class=\"vc_col-sm-2 wpb_column vc_column_container\">\n\t\t<div class=\"wpb_wrapper\">\n\t\t\t<div class=\"q_box_holder with_icon\" style=\"\"><div class=\"box_holder_icon\"><div class=\"box_holder_icon_inner tiny  \" style=\"\"><span style=\"\" class=\"q_font_awsome_icon &#8221;fa-3x&#8221; \"><i class=\"fa &#8221;fa-camera-retro&#8221;\" style=\"\"><\/i><\/span><\/div><\/div><div class=\"box_holder_inner tiny center\"><h5 class=\"icon_title\" style=\"\">&#8221;[:hu<\/h5><span class=\"separator transparent\" style=\"margin: 8px 0;\"><\/span><p style=\"\"><\/p><\/div><\/div>MUNK\u00c1INKWorks and references&#8221; text=&#8221;Custom made solutions and high-quality implementing&#8230;&#8221; icon_animation=&#8221;q_icon_animation&#8221; icon_animation_delay=&#8221;300&#8243; use_custom_icon_size=&#8221;yes&#8221; custom_icon_size=&#8221;45&#8243; icon_color=&#8221;#e2e2e2&#8243; icon_margin=&#8221;0 0 28px 0&#8243; link=&#8221;index.php?p=180&#8243; target=&#8221;_self&#8221; link_icon=&#8221;yes&#8221;]\n\t\t<\/div> \n\t<\/div> \n\n\t<div class=\"vc_col-sm-2 wpb_column vc_column_container\">\n\t\t<div class=\"wpb_wrapper\">\n\t\t\t<div class=\"q_box_holder with_icon\" style=\"\"><div class=\"box_holder_icon\"><div class=\"box_holder_icon_inner tiny  \" style=\"\"><span style=\"\" class=\"q_font_awsome_icon &#8221;fa-3x&#8221; \"><i class=\"fa &#8221;fa-calculator&#8221;\" style=\"\"><\/i><\/span><\/div><\/div><div class=\"box_holder_inner tiny center\"><h5 class=\"icon_title\" style=\"\">&#8221;[:hu<\/h5><span class=\"separator transparent\" style=\"margin: 8px 0;\"><\/span><p style=\"\"><\/p><\/div><\/div>\u00c1RAJ\u00c1NLATQuotation&#8221; text=&#8221;Ask for a quote&#8230;&#8221; icon_animation=&#8221;q_icon_animation&#8221; icon_animation_delay=&#8221;400&#8243; use_custom_icon_size=&#8221;yes&#8221; custom_icon_size=&#8221;45&#8243; icon_color=&#8221;#e2e2e2&#8243; icon_margin=&#8221;0 0 28px 0&#8243; link=&#8221;index.php?p=15247&#8243; target=&#8221;_self&#8221; link_icon=&#8221;yes&#8221;]\n\t\t<\/div> \n\t<\/div> \n\n\t<div class=\"vc_col-sm-2 wpb_column vc_column_container\">\n\t\t<div class=\"wpb_wrapper\">\n\t\t\t\n\t\t<\/div> \n\t<\/div> \n<\/div><\/div><div    class=\"vc_row wpb_row section vc_row-fluid\" style='background-color:#ffffff; text-align:left;'><div class=\" full_section_inner clearfix\">\n\t<div class=\"vc_col-sm-12 wpb_column vc_column_container vc_custom_1421258302078\">\n\t\t<div class=\"wpb_wrapper\">\n\t\t\t<div class=\"vc_empty_space\"  style=\"height: 60px\" ><span class=\"vc_empty_space_inner\"><\/span><\/div>\n\n\n\t\t<\/div> \n\t<\/div> \n<\/div><\/div><div    class=\"vc_row wpb_row section vc_row-fluid\" style='background-color:#ffffff; text-align:left;'><div class=\" full_section_inner clearfix\">\n\t<div class=\"vc_col-sm-12 wpb_column vc_column_container vc_custom_1421258302078\">\n\t\t<div class=\"wpb_wrapper\">\n\t\t\t\n\t\t<\/div> \n\t<\/div> \n<\/div><\/div>","protected":false},"excerpt":{"rendered":"Mi hisz\u00fcnk az egyedis\u00e9g erej\u00e9ben...We believe in the power of individualism...\" link=\"index.php?p=13396\" title=\"About us\" icon_margin=\"0 0 28px 0\" custom_icon_size=\"45\" icon_animation=\"q_icon_animation\" link_icon=\"yes\"] SZOLG\u00c1LTAT\u00c1SAINKOur services\" text=\"Organizing, designing, implementing and operating trade show and exhibitions from A to Z\u201d...\" icon_animation=\"q_icon_animation\" icon_animation_delay=\"200\" use_custom_icon_size=\"yes\" custom_icon_size=\"45\" icon_color=\"#e2e2e2\" icon_margin=\"0 0 28px 0\"...","protected":false},"author":6,"featured_media":0,"parent":0,"menu_order":0,"comment_status":"open","ping_status":"open","template":"full_width.php","meta":[],"_links":{"self":[{"href":"https:\/\/tipexpo.hu\/en\/wp-json\/wp\/v2\/pages\/14468"}],"collection":[{"href":"https:\/\/tipexpo.hu\/en\/wp-json\/wp\/v2\/pages"}],"about":[{"href":"https:\/\/tipexpo.hu\/en\/wp-json\/wp\/v2\/types\/page"}],"author":[{"embeddable":true,"href":"https:\/\/tipexpo.hu\/en\/wp-json\/wp\/v2\/users\/6"}],"replies":[{"embeddable":true,"href":"https:\/\/tipexpo.hu\/en\/wp-json\/wp\/v2\/comments?post=14468"}],"version-history":[{"count":62,"href":"https:\/\/tipexpo.hu\/en\/wp-json\/wp\/v2\/pages\/14468\/revisions"}],"predecessor-version":[{"id":15593,"href":"https:\/\/tipexpo.hu\/en\/wp-json\/wp\/v2\/pages\/14468\/revisions\/15593"}],"wp:attachment":[{"href":"https:\/\/tipexpo.hu\/en\/wp-json\/wp\/v2\/media?parent=14468"}],"curies":[{"name":"wp","href":"https:\/\/api.w.org\/{rel}","templated":true}]}}